{"id":2472,"date":"2024-04-21T19:30:32","date_gmt":"2024-04-21T16:30:32","guid":{"rendered":"https:\/\/taxtalib.uz\/?page_id=2472"},"modified":"2024-10-17T12:56:08","modified_gmt":"2024-10-17T09:56:08","slug":"kitapxana-nizami","status":"publish","type":"page","link":"https:\/\/shimbaymko.uz\/ru\/kitapxana-nizami","title":{"rendered":"\u0423\u0441\u0442\u0430\u0432 \u0431\u0438\u0431\u043b\u0438\u043e\u0442\u0435\u043a\u0438"},"content":{"rendered":"<p><strong>Kutubxona nizomi<\/strong><\/p>\n<p>O\u02bczbekiston Respublikasi Prezidenti Administratsiyasi huzuridagi Axborot va ommaviy kommunikatsiyalar ageitligi Alisher Navoiy nomidagi O\u02bczbekiston Milliy kutubxonasi Qoraqalpog\u02bciston Respublikasi Axborot-kutubxona markazining Qorao\u2019zak tumani axborot-kutubxona markazining<\/p>\n<p><strong>NIZOMI<\/strong><\/p>\n<p>1.Tuman axborot-kutubxona markazi (keyingi o\u02bcrinlarda \u2013 Markaz deb yuritiladi) uzi joylashgan tumanda milliy va jahon madaniyatini, fan va ta\u02bclimni rivojlantirish manfaatlari yo\u02bclida axborot-kutubxona faoliyatini tashkil etuvchi va amalga oshiruvchi universal axborot-kutubxona muassasasi hisoblanadi.<\/p>\n<p>2.Markaz O\u02bczbekiston Respublikasi Prezidenti Administratsiyasi huzuridagi Axborot va ommaviy kommunikatsiyalar agentligining Alisher Navoiy nomidagi O\u02bczbekiston Milliy kutubxonasi (keyingi o\u02bcrinlarda-Milliy kutubxona), Qorakalpog\u02bciston Respublikasi axborot-kutubxona markazi (keyingi o\u02bcrinlarda -QR AKM deb yuritiladi) tasarrufidadir.<\/p>\n<p>3.Markaz o\u02bcz faoliyatida O\u02bczbekiston Respublikasi Konstitutsiyasiga, Qonunlariga, O\u02bczbekiston Respublikasi Oliy Majlisi palatalari qarorlariga, O\u02bczbekiston Respublikasi Prezidentining farmonlari, qarorlari va farmoyishlariga, O\u02bczbekiston Respublikasi Vazirlar Mahkamasining qarorlari va farmoyishlariga, O\u02bczbekiston Respublikasi Prezidenti Administratsiyasi huzuridagi Axborot va ommaviy kommunikatsiyalar agentligi (keyingi o\u02bcrinlarda -Agentlik deb yuritiladi), Qoraqalpog\u02bciston Respublikasi Jo\u02bcqorg\u02bci Kengashi va Vazirlar Kengashi qarorlari, farmoyishlariga, Milliy kutubxona xamda QR AKM buyruqlari, yo\u02bcriqnomalari, majlis bayoni qarorlari va boshqa qonun xujjatlariga xamda ushbu Nizomga amal qiladi.<\/p>\n<p>4.Markaz axborot-kutubxona soxdsida uzi joylashgan tumandagi barcha axborot- kutubxona muassasalari va idoraviy kutubxonalar (Milliy kutubxona va xududiy AKMlar bundan mustasno) uchun metodik markaz hisoblanadi.<\/p>\n<p>5.Markaz uzi joylashgan tumandagi axborot-kutubxona muassasalari, O\u02bczbekiston Respublikasining ilmiy-ta\u02bclimiy muassasalari bilan axborot-kutubxona aloqalarini rivojlantiradi va ularning faoliyatiga oid hisobotlar, statistik va boshqa faoliyatiga oid malumot, materiallarni umumlashtirgan xolda QR AKMga taqdim etadi.<\/p>\n<p>6.Markazning axborot-kutubxona fondi davlat mulki hisoblanadi.<\/p>\n<p>7.Markaz axborot-kutubxona fondini to\u02bcldirishda axborot-kutubxona resurslarini sotib olish, xomiylar, yuridik va jismoniy shaxslar tomonidan beg\u02bcaraz sovg\u02bca sifatida taqdim etiladigan kitoblar, bosma nashrlar, audio va video materiallar, boshqa axborot resurslariga obuna bo\u02bclish, almashtirish, bepul olish yo\u02bcli bilan to\u02bcldiriladi.<\/p>\n<p>8.Markaz\u00a0\u00a0\u00a0\u00a0\u00a0\u00a0\u00a0\u00a0 fondida saqlanib kelinayotgan nodir va aloxida qimmatga ega nashrlar milliy madaniy qadriyatlar hisoblanib, moddiy madaniy meros obekti sifatida saqlanishi zarur.<\/p>\n<p>9.Markaz yuridik shaxs hisoblanadi, O\u02bczbekiston Respublikasi gerbi tasviri tushirilgan va o\u02bcz nomi yozilgan muhrga, bank muassasalarida hisob rakamlariga va g\u02bcaznachilik bo\u02bclimlarida shaxsiy hisob raqamlariga ega bo\u02bcladi.<\/p>\n<p>&nbsp;<\/p>\n<p>Markazning to\u02bcliq nomi:<\/p>\n<p>o\u02bczbek tilida \u2013 Qoraqalpog\u02bciston Respublikasi Qorao\u2019zak tumani axborot-kutubxona markazi<\/p>\n<p>qoraqalpoq tilida \u2013 Qaraqalpaqstan Respublikas\u044b Qara\u00f3zek rayon\u0131 m\u00e1limleme- kitapxana oray\u0131<\/p>\n<p>rus tilida \u2013 Informatsionno-bibliotnechn\u044by tsentr Karauzyakskogo rayona Respublika Karakalpakstan<\/p>\n<p>Markazning yuridik manzili: Qorao\u2019zak tumani, Q.Kamalov\u00a0 ko\u2019chasi r\/uy.<\/p>\n<p><strong>Markazning asosiy vazifalari<\/strong><\/p>\n<p>Kuyidagilar Markazning asosiy vazifalari hisoblanadi:<\/p>\n<p>Zamonaviy, yuqori samarali axborot-kommunikatsiya texnologiyalaridan foydalangan xolda axborotlarni olish manbai, shakl va metodlarini tanlash imkoniyatini ta\u02bcminlash tamoyili asosida aholini, ayniqsa yoshlarning intellektual, bilim, manaviy-axloqiy va madaniy ehtiyojlarini har tomonlama qondirish uchun kulay shart-sharoitlar va keng axborot-kutubxona bazasini yaratish;<\/p>\n<p>milliy madaniyatning tiklanishi va yanada rivojlanishiga hamda O\u02bczbekiston xalqlarining tarixiy, manaviy va madaniy merosi saqlanishiga ko\u02bcmaklashish;<\/p>\n<p>xududda faoliyat yuritayotgan axborot-kutubxona muassasalari va kutubxonalarga metodik yordam ko\u02bcrsatish, ular ishini muvofiqlashtirish, axborot-resurslari bilan o\u02bczaro, almashish, foydalanish borasida hamkorlik olib borish;<\/p>\n<p>elektron axborot-malumot xizmatlari tashkil etish, zamonaviy komp\u02bcyuter vositalaridan va malumotlar uzatish texnologiyalaridan foydalangan xolda axborot- kutubxona faoliyati jarayonlarini avtomatlashtirish bo\u02bcyicha ishlarni tashkil qilish;<\/p>\n<p>axborot-kutubxona resurslaridan masofadan foydalanishni tashkil etish, elektron xizmat ko\u02bcrsatishni joriy qilish, Milliy kutubxona axborot- resurslarining malumotlar bazasiga ulangan holda tuman yig\u02bcma elektron katalogini hamda elektron axborot-kutubxona fondini shakllantirish va yuritish;<\/p>\n<p>axborot-kutubxona fondini tizimli to\u02bcldirib borish, nashrlarning bibliografik yozuvini yuritish;<\/p>\n<p>Agentlikning xududiy boshqarmasi, QR AKM, maxalliy nashriyotlar, kitob savdosi va ommaviy axborot vositalari bilan hamkorlikda kitob mahsulotlarini nashr etish va tarqatish, kitob mutolaasi va kitobxonlik madaniyatini oshirishga doir targ\u02bcibot ishlarini amalga oshirish;<\/p>\n<p>markazning moddiy-texnik bazasini rivojlantirish, axborot-kutubxona sohasida zamonaviy xizmat ko\u02bcrsatish tizimini joriy etish bo\u02bcyicha takliflar kiritish.<\/p>\n<p>Markaz kitobxonlarga soat 8:00 dan 18:00 gacha xizmat ko\u02bcrsatadi.<\/p>\n<p><strong>Markazning asosiy funktsiyalari<\/strong><\/p>\n<p>Markaz o\u02bcziga yuklangan vazifalarga muvofiq kuyidagi funktsiyalarni amalga oshiradi;<\/p>\n<p>Markaz tuman axborot-kutubxona muassasalaridan axborot-kutubxona sohasini takomillashtirish masalalari bo\u02bcyicha hisobotlar, statistik va boshqa faoliyatga oid malumotlarni olib, umumlashtirgan xolda QR AKMga belgilangan muddagda taqdim etish;<\/p>\n<p>Markazning axborot-kutubxona fondini milliy va xorijiy nashrlar bilan tuldirib borish;<\/p>\n<p>zamonaviy yuqori samarali axborot-kommunikatsiya texnologiyalarini joriy qilgan xolda foydalanuvchilarni axborot-kutubxona fondlariga oid axborotlarni olishga bo\u02bclgan extiyojlarini xar tomonlama qondirish uchun kulay shart-sharoitlar va keng axborot- resurslar bazasini yaratish;<\/p>\n<p>axborot-kutubxona sohasida ilmiy-metodik tadqiqotlar natijalarini joriy qilish orqali axborot-kutubxona xizmati ko\u02bcrsatish shakllari va uslublarini takomillashtirish, yangi axborot-kutubxona texnologiyalarini joriy qilish;<\/p>\n<p>Agentlikning xududiy boshqarmasi, QR AKM, mahalliy nashriyotlar, kitob savdosi va ommaviy axborot vositalari bilan hamkorlikda kitob mahsulotlarini nashr etish va tarqatish tizimini rivojlantirish, kitob mutolaasi va kitobxonlik madaniyatini oshirish hamda targ\u02bcib qilish bo\u02bcyicha kompleks chora-tadbirlarni amalga oshirishda ishtirok etish;<\/p>\n<p>Markazda barcha turdagi axborot-kutubxona resurslarining yagona bazasini shakllantirish va undan boshqa axborot-kutubxona muassasalarining masofadan turib foydalanishni taminlash;<\/p>\n<p>Qoraqalpog\u02bciston Respublikasidagi tuman axborot-kutubxona muassasalari faoliyatini takomillashtirish, qishlok aholisiga kutubxona xizmati ko\u02bcrsatish tizimini yanada yahshilashga qaratilgan zamonaviy shakl va uslublarni joriy qilish;<\/p>\n<p>kitob mutolaasi va kitobxonlik madaniyatini oshirishga doir targ\u02bcibot ishlarini, shu jumladan kitob taqdimoti, kitob ko\u02bcrgazmalari, davra suhbati, hotira kechasi, ijodiy uchrashuv, adabiy-musiqiy kechalar o\u02bctkazishni tizimli va samarali tashkil etish;<\/p>\n<p>kitobxonlar, kutubxonachi va targ\u02bcibotchilar o\u02bcrtasida \u201cEng kitobxon maktab\u201d, \u201dEng kitobxon mahalla\u201d, \u201cEng kitobxon oila\u201d, \u201cEng faol kutubxonachi\u201d kabi ko\u02bcrik- tanlovlarini tashkil qilishda ishtirok etish;<\/p>\n<p>Markazning rasmiy veb-sayti orqali tuman axborot-kutubxona muassasalari tomonidan amalga oshirilayotgan ma\u02bcnaviy-marifiy tadbirlarni, sohada amalga oshirilayotgan yangiliklarni keng yoritib borish;<\/p>\n<p>foydalanuvchilarga qulaylik yaratish maqsadida ko\u02bcshimcha xizmatlar turlarini, shu jumladan, axborot-resurslarini keng qo\u02bcllashda qidirish, maslahat berish, materiallarni tarjima qilish, til, kompyuter va shu kabi o\u02bcquv kurslari, skanerlash, chop etish kabi hizmatlarni ko\u02bcrsatish bo\u02bcyicha o\u02bcrnatilgan tartibda pullik hizmatlar ruyxati va preyskurantlarini ishlab chiqish va kelishilgan holda joriy qilish;<\/p>\n<p>imkoniyati cheklangan foydalanuvchilarga ihtisoslashtirilgan axborot-kutubxona hizmatlarini ko\u02bcrsatish;<\/p>\n<p>belgilangan standartlar asosida axborot-kutubxona resurslarining elektron katalogini shakllantirish va yuritish;<\/p>\n<p>bosma nashrlarni, hududlarda chop etilgan nashrlarning majburiy nushasini, audio va video materiallarni, boshqa axborot resurslarini sotib olish, obuna bo\u02bclish, almashtirish va bepul olish yo\u02bcli bilan axborot-kutubxona fondini komplektlash;<\/p>\n<p>axborot-kutubxona fondini xisobga olish, ishlash, joylashtirish, saqlash va undan foydalanishni o\u02bcrnatilgan tartibda yuritish;<\/p>\n<p>barcha turdagi axborot-kutubxona resurslarining, jumladan o\u02bclkada chop etilgan nashrlarning hisobini olib borish;<\/p>\n<p>axborot-kutubxona fondini saqlash, elektron resurslarning axborot xavfsizligi masalalarini taminlash bo\u02bcyicha urnatilgan meyorlar asosida ishlarni yuritish;<\/p>\n<p>xorijiy axborot-kutubxona muassasalari, nashriyotlar, axborot markazlarining ilg\u02bcor ish tajribalari bilan tanishish, mahalliy va xalqaro miqyosdagi kutubxona sohasidagi anjumanlarda ishtirok etish;<\/p>\n<p>zamonaviy axborot-texnologiyalar va mahalliy sharoitdan kelib chiqib, joylarda axborot-kutubxona sohasini rivojlantirish bo\u02bcyicha tavsiyalar berish;<\/p>\n<p>Markaz mutahassislarini qayta tayyorlash va malakasini oshirish, shu jumladan horijiy kutubxonalarda tajriba orttirish bo\u02bcyicha takliflar kiritish;<\/p>\n<p>Markazning moddiy-texnik bazasini rivojlantirish, mahalliy sharoitdan kelib chiqib, bino va inshootlardan unumli foydalanish, aholiga axborot-kutubxona xizmati kursatishda shart-sharoitlarni yahshilash bo\u02bcyicha aniq takliflar berish;<\/p>\n<p>Markaz meyoriy-xuquqiy hujjatlarga asosan boshqa sohaviy funktsiyalarni amalga oshiradi.<\/p>\n<p>Markazning huquqlari va javobgarligi<\/p>\n<p>Markaz quyidagi xuquqlarga ega:<\/p>\n<p>O\u02bczbekiston Respublikasining \u201cAxborot-kutubxona faoliyati to\u02bcg\u02bcrisida\u201dgi Qonuniga va ushbu Nizomga muvofiq hududida zamonaviy yuqori samarali axborot-kommunikatsiya texnologiyalaridan foydalangan xolda axborotlarni olish manbai, shakl va metodlarini qo\u02bcllagan holda qulay shart-sharoitlar yaratish, mavjud keng axborot-resurslar bazasidan foydalanib, aholiga axborot-kutubxona faoliyati bo\u02bcyicha xizmat ko\u02bcrsatish;<\/p>\n<p>Markaz tuman (shahar) axborot-kutubxona muassasalaridan normativ-xuquqiy hujjatlar ijrosi, sohaviy yo\u02bcnalishlar bo\u02bcyicha amalga oshirilayotgan ishlar yuzasidan hisobotlar, statistik va boshqa malumot, materiallarni so\u02bcrab olish;<\/p>\n<p>Tumanda joylashgan axborot-kutubxona muassasalariga metodik yordam ko\u02bcrsatish;<\/p>\n<p>Tuman aholisiga axborot-kutubxona hizmati ko\u02bcrsatish darajasini oshirish, doimiy takomillashtirishni hisobga olgan holda takliflar va tavsiyalar ishlab chiqish;<\/p>\n<p>axborot-kutubxona fondini tizimli to\u02bcldirib borish, jumladan Markaz fondini depozitar fondlar, sotib olish, xomiylik va aholi tomonidan beg\u02bcaraz sovg\u02bca sifatida taqdim etiladigan kitoblar hisobiga boyitib borish;<\/p>\n<p>Uzbekiston Respublikasi Prezidenti Administratsiyasi huzuridagi Axborot va ommaviy kommunikatsiyalar agentligining xududiy boshqarmasi, mahalliy nashriyotlar, kitob savdosi va ommaviy axborot vositalari bilan birgalikda kitob mutolaasi va kitobxonlik madaniyatini oshirishga doyr targ\u02bcibot ishlarida ishtirok etish, manaviy ma\u02bcrifiy tadbirlar tashkil etish;<\/p>\n<p>axborot-kutubxona fondining elektron nashrlar bazasini yaratish, foydalanuvchilarga interaktiv axborot-kutubxona hizmati ko\u02bcrsatish;<\/p>\n<p>axborot resurslarini qidirish, maslahat berish, materiallarni tarjima qilish, skanerlash, chop etish kabi qo\u02bcshimcha xizmat turlari, shu jumladan pullik xizmatlarni o\u02bcrnatilgan tartibda tasdiqlangan preyskurant orqali joriy qilish;<\/p>\n<p>axborot-kutubxona fondlarini va boshqa axborot-resurslarini saqlash, ulardan foydalanish yo\u02bcriknomalariga asosan faoliyat olib borish, foydalanuvchilar tomonidan axborot-kutubxona markaziga va unda saqlanayotgan axborot-kutubxona resurslariga etkazilgan zararni qonun xujjatlariga va ichki tartib-qoidalarga muvofiq qoplash turlarini va miqdorini belgilash;<\/p>\n<p>Markaz kadrlarini qayta tayyorlash va ularning malakasini oshirish bo\u02bcyicha takliflar kiritish;<\/p>\n<p>Markazning moddiy-texnik bazasini rivojlantirish, mavjud bino va inshootlardan samarali foydalanish maqsadida takliflar kiritish;<\/p>\n<p>Markaz faoliyatini taminlash uchun zarur bo\u02bclgan mol-mulkni o\u02bcrnatilgan tartibda yuridik va jismoniy shaxslar bilan shartnomalar asosida sotib olish yoki ijaraga olish.<\/p>\n<p>&nbsp;<\/p>\n<p>Markaz quyidagilar uchun javobgar:<\/p>\n<p>Tuman aholisiga axborot-kutubxona fondlaridan foydalanishlari uchun joriy qilingan yuqori samarali axborot-kommunikatsiya texnologiyalari orqali axborotlarni olish, axborot-resurslar bazasidan foydalanishlari uchun qulay shart-sharoitlar yaratish;<\/p>\n<p>barcha turdagi foydalanuvchilarga axborot-kutubxona faoliyati bo\u02bcyicha xizmat kursatish;<\/p>\n<p>foydalanuvchilar extiyojlariga muvofiq axborotlarni olish uchun sharoitlar yaratish;<\/p>\n<p>Markaz axborot-kutubxona muassasalaridan normativ-xuquqiy hujjatlar ijrosi, sohaviy yo\u02bcnalishlar bo\u02bcyicha amalga oshirilayotgan ishlar yuzasidan hisobotlar, statistik va boshqa malumotlarni tayyorlaydi hamda belgilangan muddatlarda QR AKMga taqdim etadi;<\/p>\n<p>Qoraqalpog\u02bciston Respublikasi axborot-kutubxona muassasalarida tasdiqlangan normativ-huquqiy hujjatlarni bajarilishini muvofiqlashtiradi;<\/p>\n<p>Markaz axborot-kutubxona fondini doimiy to\u02bcldirib boradi;<\/p>\n<p>foydalanuvchilarga qulaylik yaratish maqsadida qushimcha hizmatlar turlari, shu jumladan pullik hizmatlar to\u02bcg\u02bcrisida to\u02bclik malumot beradi;<\/p>\n<p>pullik hizmatlar ro\u02bcyxati va tasdiqlangan preyskurant asosida o\u02bcrnatilgan tartibda foydalanuvchilarga hizmat ko\u02bcrsatadi;<\/p>\n<p>foydalanuvchilar so\u02bcroviga asosan mavjud axborot-kutubxona fondlari bo\u02bcyicha ma\u02bclumot beradi;<\/p>\n<p>faoliyati davomida amaldagi qonunchilikka rioya qiladi;<\/p>\n<p>Markazning moddiy-boyliklarini asrab-avaylash, bino va inshootlardan maqsadli foydalanish.<\/p>\n<p>Markazni boshqarish<\/p>\n<ol start=\"16\">\n<li>Markaz o\u02bcz faoliyatini O\u02bczbekiston Respublikasining \u201cAxborot- kutubxona faoliyati to\u02bcg\u02bcrisida\u201dgi Qonun, \u201cO\u02bczbekiston Respublikasi aholisiga axborot-kutubxona xizmati ko\u02bcrsatishni yanada takomillashtirish to\u02bcg\u02bcrisida\u201dgi Qaroriga va ushbu Nizom asosida yuritadi.<\/li>\n<li>Markaz Nizomi Qoraqalpog\u02bciston Respublikasi axborot-kutubxona markazi tomonidan tasdiqlanadi. Markaz tuzilmasi hamda shtat birliklari tuman moliya bulimi bilan kelishgan holda markaz direktori tomonidan tasdiqlanadi.<\/li>\n<\/ol>\n<p>Markazga mahalliy hokimlik bilan kelishgan holda QR AKM direktori tavsiya etgan, Milliy kutubxona direktori tomonidan lavozimga tayinlanadigan va lavozimidan ozod etiladigan direktor rahbarlik qiladi.<\/p>\n<p>Markaz direktori umumiy rahbarlikni olib boradi va QR AKMga hisobot beradi.<\/p>\n<p>Markaz direktori:<\/p>\n<p>Markazga yuklangan vazifalarni bajarilishi uchun shahsan javob beradi;<\/p>\n<p>Markaz xarajatlar smetasini, shtatlar jadvalini, ushbu Nizomdan kelib chiqib, tarkibiy tuzilmalarning vazifalarini belgilaydi, lavozim yo\u02bcriqnomalarini, ichki tartib-qoidalarga oid normativ xujjatlarni tasdiqdaydi;<\/p>\n<p>Markazning tasdiqlangan tuzilmasi va hodimlarning cheklangan shtat birliklari soni doirasida uzgartirishlar kiritadi;<\/p>\n<p>Markazni bir meyorda faoliyat ko\u02bcrsatishni taminlash maqsadida hodimlar va foydalanuvchilar uchun zaruriy shart-sharoitlarni yaratadi;<\/p>\n<p>Markaz mutahassislari va hodimlari bilan mehnat shartnomalari (kontraktlari) tuzadi va ularning amal qilishini to\u02bchtatadi;<\/p>\n<p>tasdiqlangan meyoriy-xuquqiy hujjatlarga muvofiq Markaz mutaxassislari va xodimlarini rag\u02bcbatlantirish chora-tadbirlarini ko\u02bcradi va ularga nisbatan intizomiy jazo choralarini ko\u02bcllaydi;<\/p>\n<p>tasdiqlangan meyoriy-huquqiy hujjatlarga va ushbu Nizomga muvofiq belgilangan tartibda Markaz mol-mulki va mablag\u02bclarini tasarruf etadi, shartnomalar tuzadi, ishonchnomalar beradi;<\/p>\n<p>Markaz mutaxassislari va xodimlari bajarishi majburiy bo\u02bclgan buyruklar chiqaradi va topshiriqlar beradi;<\/p>\n<p>axborot-kutubxona resurslaridan to\u02bcg\u02bcri va samarali foydalanishni nazorat qiladi;<\/p>\n<p>Markaz axborot-kutubxona fondlari, shu jumladan nodir va alohida qimmatga ega nashrlar, mavjud moddiy-texnika bazani belgilangan tartibda saqlash va rivojlantirish, bino, inshootlar, asbob-anjomlar va boshqa mol-mulkni saqlash va ulardan zarur darajada foydalanish uchun javobgardir;<\/p>\n<p>tasdiqlangan meyoriy-huquqiy hujjatlarga muvofiq boshqa vakolatlarni amalga oshiradi.<\/p>\n<p>Faoliyatning zamonaviy usullarini joriy qilish maqsadida hududiy AKM orqali Milliy kutubxona bilan kelishgan holda cheklangan shtat birligi doirasida, mehnatga haq tulash jamg\u02bcarmasida belgilangan tartibda Markaz tuzilmasiga o\u02bczgartirish kiritilishi mumkin.<\/p>\n<p>Markazning boshqaruvi va uning xodimlar soni Namunaviy shtatlar birliklari asosida belgilanadi.<\/p>\n<p><strong>Markazning mol-mulki va mablag\u02bclari<\/strong><\/p>\n<p>Markazning moliyaviy mablag\u02bclari:<\/p>\n<p>byudjet mablag\u02bclari;<\/p>\n<p>Pullik xizmatlar ko\u02bcrsatishdan olinadigan byudjetdan tashqari mablag\u02bclar;<\/p>\n<p>Qonun hujjatlarida taqiqlanmagan boshqa manbalar hisobiga shakllantiriladi.<\/p>\n<p>Markaz egallagan er maydoni uning tasarrufida bo\u02bclib, faoliyat davrida undan beg\u02bcaraz foydalanish huquqini berib, balansidagi bino va inshootlar, axborot-kutubxona fondi va boshqa mol-mulklar davlat mulki hisoblanadi.<\/p>\n<p>Markazni, shu jumladan uning binosi va xonalarini davlat tasarrufidan chiqarish va xususiylashtirish mumkin emas.<\/p>\n<p>Markazga biriktirilgan, boshqarish huquqi berilgan mol-mulkdan belgilangan tartibda foydalanish, saqlash, hisobdan chiqarish masalalarini nazorat qilish qonunchilik doirasida amalga oshiriladi.<\/p>\n<p><strong>Markazni qayta tashkil etish va tugatish<\/strong><\/p>\n<p>Markazni qayta tashkil etish va tugatish (qo\u02bcshish, bo\u02bclish, o\u02bczgartirish, muvofiklashtirish, optimallashtirish) qonunchilikda belgilangan tartibda amalga oshiriladi.<\/p>\n<p>Markazni qayta tashkil etishda barcha hujjatlar (moliya-xo\u02bcjalik, shaxsiy tarkibga oid va boshqa xujjatlar) qonunchilikda belgilangan tartibda rasmiylashtiriladi.<\/p>\n<p>Markazni tugatishda uning arxiv hujjatlari Markaz joylashgan hududdagi davlat arxivi idorasiga qonunchilikda belgilangan tartibda topshiriladi.<\/p>\n","protected":false},"excerpt":{"rendered":"<p>Kutubxona nizomi O\u02bczbekiston Respublikasi Prezidenti Administratsiyasi huzuridagi Axborot va ommaviy kommunikatsiyalar ageitligi Alisher Navoiy nomidagi O\u02bczbekiston Milliy kutubxonasi Qoraqalpog\u02bciston Respublikasi&#8230;<\/p>\n","protected":false},"author":1,"featured_media":0,"parent":0,"menu_order":0,"comment_status":"closed","ping_status":"closed","template":"","meta":{"footnotes":""},"class_list":["post-2472","page","type-page","status-publish","hentry"],"_links":{"self":[{"href":"https:\/\/shimbaymko.uz\/ru\/wp-json\/wp\/v2\/pages\/2472","targetHints":{"allow":["GET"]}}],"collection":[{"href":"https:\/\/shimbaymko.uz\/ru\/wp-json\/wp\/v2\/pages"}],"about":[{"href":"https:\/\/shimbaymko.uz\/ru\/wp-json\/wp\/v2\/types\/page"}],"author":[{"embeddable":true,"href":"https:\/\/shimbaymko.uz\/ru\/wp-json\/wp\/v2\/users\/1"}],"replies":[{"embeddable":true,"href":"https:\/\/shimbaymko.uz\/ru\/wp-json\/wp\/v2\/comments?post=2472"}],"version-history":[{"count":10,"href":"https:\/\/shimbaymko.uz\/ru\/wp-json\/wp\/v2\/pages\/2472\/revisions"}],"predecessor-version":[{"id":2794,"href":"https:\/\/shimbaymko.uz\/ru\/wp-json\/wp\/v2\/pages\/2472\/revisions\/2794"}],"wp:attachment":[{"href":"https:\/\/shimbaymko.uz\/ru\/wp-json\/wp\/v2\/media?parent=2472"}],"curies":[{"name":"wp","href":"https:\/\/api.w.org\/{rel}","templated":true}]}}