{"id":2470,"date":"2024-04-21T19:28:10","date_gmt":"2024-04-21T16:28:10","guid":{"rendered":"https:\/\/taxtalib.uz\/?page_id=2470"},"modified":"2024-10-11T15:20:30","modified_gmt":"2024-10-11T12:20:30","slug":"direktor","status":"publish","type":"page","link":"https:\/\/shimbaymko.uz\/ru\/direktor","title":{"rendered":"\u0414\u0438\u0440\u0435\u043a\u0442\u043e\u0440"},"content":{"rendered":"<p><\/p>\n<table style=\"height: 330px; width: 100%; border-collapse: collapse; border-style: solid;\" border=\"1\" cellspacing=\"1\" cellpadding=\"1\">\n<caption>\u00a0<\/caption>\n<tbody>\n<tr style=\"height: 47px;\">\n<td style=\"width: 36.8745%; height: 282px;\" rowspan=\"6\"><img loading=\"lazy\" decoding=\"async\" class=\"aligncenter\" src=\"http:\/\/shimbaymko.uz\/wp-content\/uploads\/2024\/06\/34-1-150x150.jpg\" width=\"261\" height=\"261\" \/><\/td>\n<td style=\"width: 63.1255%; height: 47px;\"><span style=\"color: #000000;\" data-darkreader-inline-color=\"\"><span style=\"color: #000000;\" data-darkreader-inline-color=\"\"><span style=\"--darkreader-inline-color: #337dff;\"><strong><span style=\"color: #000080;\" data-darkreader-inline-color=\"\">\u00a0 Tuw\u0131l\u01f5a n j\u0131l\u0131,ay\u0131 h\u00e1m k\u00fani<\/span>: 07.08.1973<\/strong><\/span><\/span><\/span><\/td>\n<\/tr>\n<tr style=\"height: 47px;\">\n<td style=\"width: 63.1255%; height: 47px;\"><span style=\"color: #000000;\" data-darkreader-inline-color=\"\"><span style=\"color: #000000;\" data-darkreader-inline-color=\"\"><span style=\"--darkreader-inline-color: #337dff; color: #000080;\" data-darkreader-inline-color=\"\"><strong>\u00a0 Milleti: qoraqalpoq<\/strong><\/span><\/span><\/span><\/td>\n<\/tr>\n<tr style=\"height: 47px;\">\n<td style=\"width: 63.1255%; height: 47px;\"><span style=\"color: #000000;\" data-darkreader-inline-color=\"\"><span style=\"color: #000000;\" data-darkreader-inline-color=\"\"><span style=\"--darkreader-inline-color: #337dff; color: #000080;\" data-darkreader-inline-color=\"\"><strong>\u00a0 Ma\u01f5l\u0131wmat\u0131:<\/strong><\/span><\/span><\/span>Oliy<\/td>\n<\/tr>\n<tr style=\"height: 47px;\">\n<td style=\"width: 63.1255%; height: 47px;\"><span style=\"color: #000000;\" data-darkreader-inline-color=\"\"><span style=\"color: #000000;\" data-darkreader-inline-color=\"\"><span style=\"--darkreader-inline-color: #337dff; color: #000080;\" data-darkreader-inline-color=\"\"><strong>\u00a0 Tamamla\u01f5an oq\u0131w orn\u0131:1994-yil Toshkent Davlat madaniyat\u00a0\u00a0instituti<\/strong><\/span><\/span><\/span><\/td>\n<\/tr>\n<tr style=\"height: 47px;\">\n<td style=\"width: 63.1255%; height: 47px;\"><span style=\"color: #000000;\" data-darkreader-inline-color=\"\"><span style=\"color: #000000;\" data-darkreader-inline-color=\"\"><span style=\"--darkreader-inline-color: #337dff; color: #000080;\" data-darkreader-inline-color=\"\"><strong>\u00a0 Ma\u01f5l\u0131wmat\u0131 boy\u0131nsha q\u00e1nigeligi:Kutubxonachi-bibliograf<\/strong><\/span><\/span><\/span><\/td>\n<\/tr>\n<tr style=\"height: 47px;\">\n<td style=\"width: 63.1255%; height: 47px;\"><span style=\"color: #000000;\" data-darkreader-inline-color=\"\"><span style=\"--darkreader-inline-color: #337dff; color: #000080;\" data-darkreader-inline-color=\"\"><strong>\u00a0 Qab\u0131llaw k\u00fanleri:<span style=\"--darkreader-inline-color: #f08838; color: #993300;\" data-darkreader-inline-color=\"\">har ish kuni, soat 09:00 dan 16:00 ga\u00a0<\/span><\/strong><\/span><span style=\"--darkreader-inline-color: #f08838; color: #993300;\" data-darkreader-inline-color=\"\"><strong>\u00a0<\/strong><\/span><\/span><\/td>\n<\/tr>\n<tr style=\"height: 48px;\">\n<td style=\"width: 36.8745%; text-align: center; height: 48px;\"><strong>Xalmuratov Yusip Tursimuratovich <\/strong><\/td>\n<td style=\"width: 63.1255%; height: 48px;\"><span style=\"color: #000000;\" data-darkreader-inline-color=\"\"><span style=\"--darkreader-inline-color: #337dff;\"><strong><span style=\"color: #000080;\" data-darkreader-inline-color=\"\">\u00a0E-mail: Ch\u0131mboy_akm@natlib.uz<\/span><\/strong><\/span><\/span><\/td>\n<\/tr>\n<\/tbody>\n<\/table>\n<p><\/p>","protected":false},"excerpt":{"rendered":"<p>\u00a0 \u00a0 Tuw\u0131l\u01f5a n j\u0131l\u0131,ay\u0131 h\u00e1m k\u00fani: 07.08.1973 \u00a0 Milleti: qoraqalpoq \u00a0 Ma\u01f5l\u0131wmat\u0131:Oliy \u00a0 Tamamla\u01f5an oq\u0131w orn\u0131:1994-yil Toshkent Davlat madaniyat\u00a0\u00a0instituti&#8230;<\/p>\n","protected":false},"author":1,"featured_media":2674,"parent":0,"menu_order":0,"comment_status":"closed","ping_status":"closed","template":"","meta":{"footnotes":""},"class_list":["post-2470","page","type-page","status-publish","has-post-thumbnail","hentry"],"_links":{"self":[{"href":"https:\/\/shimbaymko.uz\/ru\/wp-json\/wp\/v2\/pages\/2470","targetHints":{"allow":["GET"]}}],"collection":[{"href":"https:\/\/shimbaymko.uz\/ru\/wp-json\/wp\/v2\/pages"}],"about":[{"href":"https:\/\/shimbaymko.uz\/ru\/wp-json\/wp\/v2\/types\/page"}],"author":[{"embeddable":true,"href":"https:\/\/shimbaymko.uz\/ru\/wp-json\/wp\/v2\/users\/1"}],"replies":[{"embeddable":true,"href":"https:\/\/shimbaymko.uz\/ru\/wp-json\/wp\/v2\/comments?post=2470"}],"version-history":[{"count":28,"href":"https:\/\/shimbaymko.uz\/ru\/wp-json\/wp\/v2\/pages\/2470\/revisions"}],"predecessor-version":[{"id":2785,"href":"https:\/\/shimbaymko.uz\/ru\/wp-json\/wp\/v2\/pages\/2470\/revisions\/2785"}],"wp:featuredmedia":[{"embeddable":true,"href":"https:\/\/shimbaymko.uz\/ru\/wp-json\/wp\/v2\/media\/2674"}],"wp:attachment":[{"href":"https:\/\/shimbaymko.uz\/ru\/wp-json\/wp\/v2\/media?parent=2470"}],"curies":[{"name":"wp","href":"https:\/\/api.w.org\/{rel}","templated":true}]}}