{"id":2636,"date":"2024-06-13T14:16:27","date_gmt":"2024-06-13T11:16:27","guid":{"rendered":"https:\/\/shimbaymko.uz\/?page_id=2636"},"modified":"2024-10-17T12:49:58","modified_gmt":"2024-10-17T09:49:58","slug":"admadministraciya","status":"publish","type":"page","link":"https:\/\/shimbaymko.uz\/qq\/admadministraciya","title":{"rendered":"Administraciya"},"content":{"rendered":"<p><\/p>\n<table style=\"width: 84.9578%; height: 149px;\" border=\"1px\">\n<tbody>\n<tr style=\"height: 25px;\">\n<td style=\"height: 149px; width: 36.6109%;\" rowspan=\"5\">&nbsp;<\/p>\n<p><img loading=\"lazy\" decoding=\"async\" class=\" wp-image-2674 aligncenter\" src=\"http:\/\/shimbaymko.uz\/wp-content\/uploads\/2024\/06\/34-1-150x150.jpg\" alt=\"\" width=\"258\" height=\"258\" \/><\/p>\n<p style=\"text-align: center;\"><strong>Xalmuratov Yusip Tursimuratovich <\/strong><\/p>\n<\/td>\n<td style=\"height: 25px; width: 83.9959%; text-align: center;\" colspan=\"2\"><b>Direktor<\/b><\/td>\n<\/tr>\n<tr style=\"height: 24px;\">\n<td style=\"height: 24px; width: 26.6174%;\">M\u00e1nzil:<\/td>\n<td style=\"height: 24px; width: 57.3785%;\">\u00a0Sh\u0131mbay rayon\u0131 Jan\u2019a-zaman k\u00f3shesi 49-jay<\/td>\n<\/tr>\n<tr style=\"height: 25px;\">\n<td style=\"height: 25px; width: 26.6174%;\">Telefon:<\/td>\n<td style=\"height: 25px; width: 57.3785%;\">(55) 105-44-75<\/td>\n<\/tr>\n<tr style=\"height: 25px;\">\n<td style=\"height: 25px; width: 26.6174%;\">E-mail:<\/td>\n<td style=\"height: 25px; width: 57.3785%;\"><\/td>\n<\/tr>\n<tr style=\"height: 50px;\">\n<td style=\"height: 50px; width: 26.6174%;\">Qab\u0131llaw k\u00fanleri:<\/td>\n<td style=\"height: 50px; width: 57.3785%;\">Har ku&#8217;ni<\/td>\n<\/tr>\n<\/tbody>\n<\/table>\n<p>&nbsp;<\/p>\n<table style=\"width: 84.9578%; height: 149px;\" border=\"1px\">\n<tbody>\n<tr style=\"height: 25px;\">\n<td style=\"height: 149px; width: 36.6109%;\" rowspan=\"5\"><img loading=\"lazy\" decoding=\"async\" class=\"aligncenter\" src=\"http:\/\/shimbaymko.uz\/wp-content\/uploads\/2024\/10\/daniyar-aga-150x150.jpg\" width=\"272\" height=\"272\" \/><\/p>\n<p>&nbsp;<\/td>\n<td style=\"height: 25px; width: 83.9959%;\" colspan=\"2\"><\/td>\n<\/tr>\n<tr style=\"height: 24px;\">\n<td style=\"height: 24px; width: 27.1355%;\"><strong>M\u00e1nzil:<\/strong><\/td>\n<td style=\"height: 24px; width: 56.8604%;\">Sh\u0131mbay rayon\u0131 Jan\u2019a-zaman k\u00f3shesi 49-jay<\/td>\n<\/tr>\n<tr style=\"height: 25px;\">\n<td style=\"height: 25px; width: 27.1355%;\"><strong>Telefon:<\/strong><\/td>\n<td style=\"height: 25px; width: 56.8604%;\">(55) 105-44-75<\/td>\n<\/tr>\n<tr style=\"height: 25px;\">\n<td style=\"height: 25px; width: 27.1355%;\"><strong>E-mail:<\/strong><\/td>\n<td style=\"height: 25px; width: 56.8604%;\"><\/td>\n<\/tr>\n<tr style=\"height: 50px;\">\n<td style=\"height: 50px; width: 27.1355%;\"><strong>Qab\u0131llaw k\u00fanleri:<\/strong><\/td>\n<td style=\"height: 50px; width: 56.8604%;\">Har ku&#8217;ni<\/td>\n<\/tr>\n<\/tbody>\n<\/table>\n<p>&nbsp;<\/p>\n<table style=\"width: 84.9578%; height: 149px;\" border=\"1px\">\n<tbody>\n<tr style=\"height: 25px;\">\n<td style=\"height: 149px; width: 36.6109%;\" rowspan=\"5\">\u00a0 \u00a0 \u00a0 \u00a0 \u00a0\u00a0<span style=\"font-family: inherit; font-size: inherit;\">\u00a0\u00a0<\/span><\/p>\n<p>&nbsp;<\/td>\n<td style=\"height: 25px; width: 83.9959%;\" colspan=\"2\"><\/td>\n<\/tr>\n<tr style=\"height: 24px;\">\n<td style=\"height: 24px; width: 27.1355%;\"><strong>M\u00e1nzil:<\/strong><\/td>\n<td style=\"height: 24px; width: 56.8604%;\"><\/td>\n<\/tr>\n<tr style=\"height: 25px;\">\n<td style=\"height: 25px; width: 27.1355%;\"><strong>Telefon:<\/strong><\/td>\n<td style=\"height: 25px; width: 56.8604%;\"><\/td>\n<\/tr>\n<tr style=\"height: 25px;\">\n<td style=\"height: 25px; width: 27.1355%;\"><strong>E-mail:<\/strong><\/td>\n<td style=\"height: 25px; width: 56.8604%;\"><\/td>\n<\/tr>\n<tr style=\"height: 50px;\">\n<td style=\"height: 50px; width: 27.1355%;\"><strong>Qab\u0131llaw k\u00fanleri:<\/strong><\/td>\n<td style=\"height: 50px; width: 56.8604%;\"><\/td>\n<\/tr>\n<\/tbody>\n<\/table>\n<p>&nbsp;<\/p>\n<p>&nbsp;<\/p>","protected":false},"excerpt":{"rendered":"<p>&nbsp; Xalmuratov Yusip Tursimuratovich Direktor M\u00e1nzil: \u00a0Sh\u0131mbay rayon\u0131 Jan\u2019a-zaman k\u00f3shesi 49-jay Telefon: (55) 105-44-75 E-mail: Qab\u0131llaw k\u00fanleri: Har ku&#8217;ni &nbsp;&#8230;<\/p>\n","protected":false},"author":1,"featured_media":0,"parent":0,"menu_order":0,"comment_status":"closed","ping_status":"closed","template":"","meta":{"footnotes":""},"class_list":["post-2636","page","type-page","status-publish","hentry"],"_links":{"self":[{"href":"https:\/\/shimbaymko.uz\/qq\/wp-json\/wp\/v2\/pages\/2636","targetHints":{"allow":["GET"]}}],"collection":[{"href":"https:\/\/shimbaymko.uz\/qq\/wp-json\/wp\/v2\/pages"}],"about":[{"href":"https:\/\/shimbaymko.uz\/qq\/wp-json\/wp\/v2\/types\/page"}],"author":[{"embeddable":true,"href":"https:\/\/shimbaymko.uz\/qq\/wp-json\/wp\/v2\/users\/1"}],"replies":[{"embeddable":true,"href":"https:\/\/shimbaymko.uz\/qq\/wp-json\/wp\/v2\/comments?post=2636"}],"version-history":[{"count":8,"href":"https:\/\/shimbaymko.uz\/qq\/wp-json\/wp\/v2\/pages\/2636\/revisions"}],"predecessor-version":[{"id":2793,"href":"https:\/\/shimbaymko.uz\/qq\/wp-json\/wp\/v2\/pages\/2636\/revisions\/2793"}],"wp:attachment":[{"href":"https:\/\/shimbaymko.uz\/qq\/wp-json\/wp\/v2\/media?parent=2636"}],"curies":[{"name":"wp","href":"https:\/\/api.w.org\/{rel}","templated":true}]}}