{"id":2475,"date":"2024-04-21T19:32:10","date_gmt":"2024-04-21T16:32:10","guid":{"rendered":"https:\/\/taxtalib.uz\/?page_id=2475"},"modified":"2024-10-11T14:54:14","modified_gmt":"2024-10-11T11:54:14","slug":"kitapxana-tariyxi","status":"publish","type":"page","link":"https:\/\/shimbaymko.uz\/qq\/kitapxana-tariyxi","title":{"rendered":"Kitapxana tariyx\u0131"},"content":{"rendered":"<p><b>\u00d3<\/b><b>zbek<\/b><b>i<\/b><b>stan<\/b> <b>Respublikas<\/b><b>\u0131<\/b> <b>Prezidentini<\/b><b>\u0144<\/b> <b>2019-<\/b><b>j<\/b><b>\u0131<\/b><b>l 7-iyundag\u02bb<\/b><b>\u0131<\/b><b> \u00ab<\/b><b>\u00d3<\/b><b>zbek<\/b><b>i<\/b><b>stan<\/b> <b>Respublikas<\/b><b>\u0131<\/b> <b>xalq<\/b><b>\u0131<\/b><b>na<\/b><b> m<\/b><b>\u00e1<\/b><b>limleme-kitapxana<\/b><b>\u00a0 x<\/b><b>\u0131<\/b><b>zmetin<\/b><b>\u00a0 k<\/b><b>\u00f3<\/b><b>rset<\/b><b>iw<\/b><b>di j<\/b><b>\u00e1<\/b><b>nede<\/b> <b>jetilistiri<\/b><b>w<\/b> <b>haqq<\/b><b>\u0131<\/b><b>nda\u00bbg\u02bb<\/b><b>\u0131<\/b> <b>PQ-4354-sanl<\/b><b>\u0131<\/b> <b>Qarar<\/b><b>\u0131<\/b> <b>Qaraqalpaqstan<\/b> <b>Respublikas<\/b><b>\u0131<\/b><b>\u00a0 <\/b><b>Ministrler<\/b> <b>Ke<\/b><b>\u0144<\/b><b>esi<\/b><b> 2019-j<\/b><b>\u0131<\/b><b>l <\/b><b>10-iyun <\/b><b>kungi<\/b> <b>189-sanl<\/b><b>\u0131<\/b> <b>qarar<\/b><b>\u0131<\/b><b>, <\/b><b>Sh<\/b><b>\u0131<\/b><b>mbay<\/b><b> rayon<\/b><b>\u0131<\/b> <b>x<\/b><b>\u00e1<\/b><b>kimini<\/b><b>\u0144<\/b> <b>2019-<\/b><b>j<\/b><b>\u0131<\/b><b>l <\/b><b>19-iyun <\/b><b>kungi<\/b> <b>2291-sanl<\/b><b>\u0131<\/b> <b>sheshimine<\/b> <b>tiykar<\/b><b>\u00a0 <\/b><b>h<\/b><b>\u00e1<\/b><b>mde<\/b><b> 2019-j<\/b><b>\u0131<\/b><b>l <\/b><b>8-noyabr\u00a0 <\/b><b>kungi<\/b><b>\u00a0 <\/b><b>2527-sanl<\/b><b>\u0131<\/b> <b>sheshimi<\/b> <b>menen<\/b><b>\u00a0 <\/b><b>Sh<\/b><b>\u0131<\/b><b>mbay<\/b><b> rayon<\/b><b>\u0131<\/b> <b>x<\/b><b>\u00e1<\/b><b>kimligi<\/b> <b>esab<\/b><b>\u0131<\/b><b>ndag\u02bb<\/b><b>\u0131<\/b> <b>(<\/b><b>Sh<\/b><b>\u0131<\/b><b>mbay<\/b> <b>ekonomika<\/b> <b>kolledjini<\/b><b>\u0144<\/b> <b>jataqxana<\/b><b>) <\/b><b>imarat<\/b><b>\u0131<\/b><b>n<\/b><b>\u0131\u0144<\/b> <b>1-<\/b><b>qabat<\/b><b>\u0131n\u0131\u0144<\/b> <b>paydalan<\/b><b>\u0131w<\/b> <b>maydan<\/b><b>\u0131<\/b> <b>409,62 <\/b><b>kvadrat<\/b> <b>metr<\/b> <b>h<\/b><b>\u00e1<\/b><b>m <\/b><b>0,06 <\/b><b>gektar<\/b> <b>jer<\/b> <b>maydan<\/b><b>\u0131<\/b> <b>turaql<\/b><b>\u0131<\/b> <b>iyelik<\/b> <b>et<\/b><b>iw<\/b> <b>huq<\/b><b>u<\/b><b>q<\/b><b>\u0131<\/b> <b>menen<\/b> <b>Sh<\/b><b>\u0131<\/b><b>mbay<\/b><b> rayon<\/b><b>\u0131<\/b> <b>M<\/b><b>\u00e1<\/b><b>limleme-kitapxana<\/b> <b>oray<\/b><b>\u0131<\/b><b>na<\/b> <b>berildi<\/b><b>. <\/b><b>Sh<\/b><b>\u0131<\/b><b>mbay<\/b><b> rayon<\/b><b>\u0131<\/b> <b>M<\/b><b>\u00e1<\/b><b>limleme-kitapxana<\/b><b>\u00a0 <\/b><b>oray<\/b><b>\u0131<\/b> <b>2019-<\/b><b>j<\/b><b>\u0131<\/b><b>l <\/b><b>13-noyabr <\/b><b>s<\/b><b>\u00e1<\/b><b>nesinen<\/b> <b>baslap<\/b> <b>\u00f3<\/b><b>z <\/b><b>jum<\/b><b>\u0131<\/b><b>s<\/b><b>\u0131<\/b><b>n <\/b><b>baslad<\/b><b>\u044b. <\/b><b><br \/>\n<\/b><b>Kitapxan<\/b><b>a<\/b><b>m<\/b><b>\u0131<\/b><b>zg<\/b><b>d<\/b><b>a <\/b><b>4 <\/b><b>b<\/b><b>\u00f3<\/b><b>lim<\/b> <b>x<\/b><b>\u044b<\/b><b>zmet<\/b> <b>q<\/b><b>\u0131<\/b><b>ladi<\/b><b>.\u00a0 <\/b><b><br \/>\n<\/b><b>1.<\/b><b>Bibliografiya<\/b><b> x<\/b><b>\u0131<\/b><b>zmeti<\/b> <b>: <\/b><b><br \/>\n<\/b><b>2.<\/b><b>Kitaplard<\/b><b>\u0131<\/b><b>\u00a0 <\/b><b>saqla<\/b><b>w<\/b> <b>h\u00e1<\/b><b>m <\/b><b>f<\/b><b>ondlard<\/b><b>\u0131<\/b> <b>tolt<\/b><b>\u0131<\/b><b>r<\/b><b>\u0131w<\/b> <b>h\u00e1<\/b><b>m <\/b><b>qayta<\/b> <b>isle<\/b><b>w<\/b><b> x<\/b><b>\u0131<\/b><b>zmeti<\/b><b>:<br \/>\n<\/b><b>3.<\/b><b>M<\/b><b>\u00e1<\/b><b>limleme<\/b> <b>kommunikatsiya<\/b> <b>texnalogiyalar\u0131<\/b> <b>h\u00e1<\/b><b>m <\/b><b>sanlas<\/b><b>t\u0131r\u0131w<\/b><b> x<\/b><b>\u0131<\/b><b>zmeti<\/b><b>:<br \/>\n<\/b><b>4.<\/b><b>Abonementlerge<\/b><b> x<\/b><b>\u0131<\/b><b>zmet<\/b><b> k<\/b><b>\u00f3<\/b><b>rseti<\/b><b>w<\/b><b>\u00a0 x<\/b><b>\u0131<\/b><b>zmeti<\/b> <b>:<\/b><\/p>\n<p><b>Sh<\/b><b>\u0131<\/b><b>mbay<\/b><b> rayon<\/b><b>\u0131<\/b> <b>M<\/b><b>\u00e1<\/b><b>limleme-kitapxana<\/b><b>\u00a0 <\/b><b>oray<\/b><b>\u0131nda 17shtat birliginde ,18 x\u0131zmetker isleydi.<\/b><\/p>\n","protected":false},"excerpt":{"rendered":"<p>\u00d3zbekistan Respublikas\u0131 Prezidentini\u0144 2019-j\u0131l 7-iyundag\u02bb\u0131 \u00ab\u00d3zbekistan Respublikas\u0131 xalq\u0131na m\u00e1limleme-kitapxana\u00a0 x\u0131zmetin\u00a0 k\u00f3rsetiwdi j\u00e1nede jetilistiriw haqq\u0131nda\u00bbg\u02bb\u0131 PQ-4354-sanl\u0131 Qarar\u0131 Qaraqalpaqstan Respublikas\u0131\u00a0 Ministrler Ke\u0144esi&#8230;<\/p>\n","protected":false},"author":1,"featured_media":0,"parent":0,"menu_order":0,"comment_status":"closed","ping_status":"closed","template":"","meta":{"footnotes":""},"class_list":["post-2475","page","type-page","status-publish","hentry"],"_links":{"self":[{"href":"https:\/\/shimbaymko.uz\/qq\/wp-json\/wp\/v2\/pages\/2475","targetHints":{"allow":["GET"]}}],"collection":[{"href":"https:\/\/shimbaymko.uz\/qq\/wp-json\/wp\/v2\/pages"}],"about":[{"href":"https:\/\/shimbaymko.uz\/qq\/wp-json\/wp\/v2\/types\/page"}],"author":[{"embeddable":true,"href":"https:\/\/shimbaymko.uz\/qq\/wp-json\/wp\/v2\/users\/1"}],"replies":[{"embeddable":true,"href":"https:\/\/shimbaymko.uz\/qq\/wp-json\/wp\/v2\/comments?post=2475"}],"version-history":[{"count":10,"href":"https:\/\/shimbaymko.uz\/qq\/wp-json\/wp\/v2\/pages\/2475\/revisions"}],"predecessor-version":[{"id":2784,"href":"https:\/\/shimbaymko.uz\/qq\/wp-json\/wp\/v2\/pages\/2475\/revisions\/2784"}],"wp:attachment":[{"href":"https:\/\/shimbaymko.uz\/qq\/wp-json\/wp\/v2\/media?parent=2475"}],"curies":[{"name":"wp","href":"https:\/\/api.w.org\/{rel}","templated":true}]}}